{"id":2,"date":"2025-09-01T15:46:46","date_gmt":"2025-09-01T15:46:46","guid":{"rendered":"http:\/\/montbel-immo.fr\/?page_id=2"},"modified":"2026-02-03T15:08:22","modified_gmt":"2026-02-03T15:08:22","slug":"accueil-2","status":"publish","type":"page","link":"https:\/\/montbel-immo.fr\/","title":{"rendered":"Accueil"},"content":{"rendered":"\n<div style=\"height:100px\" aria-hidden=\"true\" class=\"wp-block-spacer\"><\/div>\n\n\n\n<figure class=\"wp-block-image size-large is-resized\"><img fetchpriority=\"high\" decoding=\"async\" width=\"1024\" height=\"379\" src=\"https:\/\/montbel-immo.fr\/wp-content\/uploads\/2026\/02\/MONTBELIMMO-Demarchage-Bandeau-850x315px-1024x379.jpg\" alt=\"\" class=\"wp-image-112\" style=\"width:1200px;height:auto\" srcset=\"https:\/\/montbel-immo.fr\/wp-content\/uploads\/2026\/02\/MONTBELIMMO-Demarchage-Bandeau-850x315px-1024x379.jpg 1024w, https:\/\/montbel-immo.fr\/wp-content\/uploads\/2026\/02\/MONTBELIMMO-Demarchage-Bandeau-850x315px-300x111.jpg 300w, https:\/\/montbel-immo.fr\/wp-content\/uploads\/2026\/02\/MONTBELIMMO-Demarchage-Bandeau-850x315px-768x284.jpg 768w, https:\/\/montbel-immo.fr\/wp-content\/uploads\/2026\/02\/MONTBELIMMO-Demarchage-Bandeau-850x315px-1536x569.jpg 1536w, https:\/\/montbel-immo.fr\/wp-content\/uploads\/2026\/02\/MONTBELIMMO-Demarchage-Bandeau-850x315px.jpg 1771w\" sizes=\"(max-width: 1024px) 100vw, 1024px\" \/><\/figure>\n\n\n\n<div style=\"height:100px\" aria-hidden=\"true\" class=\"wp-block-spacer\"><\/div>\n\n\n\n<figure class=\"wp-block-table\"><table class=\"has-fixed-layout\"><tbody><tr><td><strong>ASSURANCES ALLIANZ KEVIN PARENT&nbsp;<\/strong><\/td><td>Bienvenue dans votre agence de Montb\u00e9liard Clemenceau. Nous sommes \u00e0 votre \u00e9coute pour vous accompagner dans vos projets et vos besoins d&rsquo;assurances aussi bien pour votre vie priv\u00e9e que pour votre activit\u00e9 professionnelle.<\/td><\/tr><tr><td><strong>ARTHURIMMO.COM<\/strong> <strong>GESTION LOCATIVE&nbsp;<\/strong><\/td><td>Le r\u00e9seau Arthurimmo.com est soucieux de vous accompagner dans toutes les d\u00e9marches li\u00e9es au logement :&nbsp;achat, vente, expertise, financement, mais aussi la location et la gestion immobili\u00e8re.&nbsp;Nos agences assurant la gestion Locative sont comp\u00e9tentes pour vous&nbsp;conseiller dans l&rsquo;investissement locatif&nbsp;s\u2019engagent \u00e0 vos c\u00f4t\u00e9s, dans la dur\u00e9e en vous proposant des solutions de gestion adapt\u00e9es \u00e0 vos besoins.<\/td><\/tr><tr><td><strong>ARTHURIMMO.COM TRANSACTION<\/strong><\/td><td>TransactionGestion Locative<br>Viager<br>Conseil investissement&nbsp;<\/td><\/tr><tr><td><strong>ATELIER FERMETURES<\/strong><\/td><td>Vous cherchez des solutions sur mesure pour vos menuiseries int\u00e9rieur et ext\u00e9rieur&nbsp;?&nbsp;<strong>L\u2019Atelier Fermetures<\/strong>, situ\u00e9 \u00e0&nbsp;<strong>Valentigney<\/strong>, intervient dans les secteurs de&nbsp;<strong>Montb\u00e9liard<\/strong>,&nbsp;<strong>Belfort<\/strong>&nbsp;et&nbsp;<strong>Audincourt<\/strong>&nbsp;pour fabriquer et poser vos&nbsp;<strong>menuiseries sur mesure<\/strong>.<\/td><\/tr><tr><td><strong>CA CONCEPT&nbsp;<\/strong><\/td><td>Bas\u00e9e \u00e0 Belfort, CA Concept est n\u00e9e de la rencontre de deux profils compl\u00e9mentaires et passionn\u00e9s par l\u2019immobilier :&nbsp;<strong>Cyrille<\/strong>, expert en<strong>&nbsp;investissement locatif<\/strong>&nbsp;depuis plus de 20 ans, et&nbsp;<strong>Robert<\/strong>,&nbsp;<strong>ma\u00eetre d\u2019\u0153uvre aguerri<\/strong>&nbsp;avec plus de 40 ans d\u2019exp\u00e9rience dans la conduite de chantiers de r\u00e9novation et de construction.<\/td><\/tr><tr><td><strong>CAFPI&nbsp;<\/strong><\/td><td>Obtenez le meilleur taux pour tous vos projets !&nbsp;<em>CAFPI<\/em>&nbsp;vous accompagne : cr\u00e9dit immobilier, rachat de cr\u00e9dit, assurance emprunteur et pr\u00eat professionnel.<\/td><\/tr><tr><td><strong>CLEASPA<\/strong><\/td><td>Depuis 2006, nous vous aidons \u00e0 r\u00e9aliser vos espaces d\u00e9tentes.<br>Notre v\u00e9ritable atout : le \u00ab SUR-MESURE \u00bb. \u00c0 l\u2019int\u00e9rieur comme \u00e0 l\u2019ext\u00e9rieur, nous \u00e9tudions ensemble toutes les possibilit\u00e9s pour optimiser votre espace. Pour vous aider \u00e0 savourer des moments de d\u00e9tente, seul, en famille ou entre amis\u2026<\/td><\/tr><tr><td><strong>CUISINELLA&nbsp;<\/strong><\/td><td>D\u00e9couvrez notre gamme de cuisines \u00e9quip\u00e9es, salles de bains, dressings, meubles de rangements pour toute la maison \u00e0 prix malin avec&nbsp;<em>Cuisinella<\/em>.<\/td><\/tr><tr><td><strong>BEI&nbsp;<\/strong><\/td><td>Le&nbsp;<strong>Bureau Expertises Immobili\u00e8res en Franche-Comt\u00e9<\/strong>&nbsp;\u2013 met ses&nbsp;<strong>comp\u00e9tences certifi\u00e9es<\/strong>&nbsp;au service des projets des particuliers et des professionnels. Nos diagnostiqueurs, experts et r\u00e9actifs, vous livrent des rapports complets avec des conseils.&nbsp;&nbsp;<\/td><\/tr><tr><td><strong>BFC&nbsp;PROMOTION HABITAT<\/strong><\/td><td><em>BFC PROMOTION HABITAT<\/em>&nbsp;r\u00e9alise des op\u00e9rations en accession abordable (habitats collectifs, individuels, am\u00e9nagement de lotissements et op\u00e9rations de location&#8230;)<\/td><\/tr><tr><td><strong>DSJ CONSEIL<\/strong><\/td><td>Damien et Serge JOLY, passionn\u00e9s par le monde financier, immobilier et des affaires. C&rsquo;est apr\u00e8s la r\u00e9alisation de plusieurs op\u00e9rations immobili\u00e8res et investissements que nous avons d\u00e9cid\u00e9 de mettre nos connaissances et exp\u00e9riences \u00e0 la dispositions de nos clients.<\/td><\/tr><tr><td><strong>FRANCHE-COMT\u00c9 TUBAGE&nbsp;<\/strong><\/td><td>Installez po\u00eales, chemin\u00e9es et inserts pour un confort thermique optimal. R\u00e9duisez votre consommation \u00e9nerg\u00e9tique avec un chauffage \u00e0 bois \u00e9cologique.<\/td><\/tr><tr><td><strong>PLAISANCIA&nbsp;<\/strong><\/td><td>Constructeur de maisons sur-mesure&nbsp;<strong>depuis 1972<\/strong>, Maisons Plaisancia vous&nbsp;<strong>accompagne<\/strong>&nbsp;et r\u00e9alise votre projet de construction de maison&nbsp;<strong>en \u00e9troite collaboration avec notre bureau d\u2019\u00e9tudes.<\/strong><\/td><\/tr><tr><td><strong>MAX CADAUT<\/strong><\/td><td>Un savoir-faire reconnu pour des r\u00e9novations de Qualit\u00e9. Notre expertise couvre tous les domaines de la r\u00e9novation, du sol au plafond.<\/td><\/tr><tr><td><strong>PISCINES BOURDONCLE<\/strong><\/td><td><strong>Transformez votre quotidien avec Bourdoncle \u00e0 Voujeaucourt :<\/strong>&nbsp;piscines, spas, accessoires sur-mesure et services d\u2019entretien, pour un univers de d\u00e9tente et de plaisir con\u00e7u rien que pour vous !<\/td><\/tr><tr><td><strong>SARL DIETRICH&nbsp;<\/strong><\/td><td>Apr\u00e8s 17 ann\u00e9es d\u2019exp\u00e9rience en tant qu\u2019<strong>installateur sanitaire et chauffagiste<\/strong>, Alain Dietrich a lanc\u00e9 sa propre affaire en 2015 \u00e0&nbsp;<strong>Seloncourt, pr\u00e8s de Montb\u00e9liard (25)<\/strong>. L\u2019entreprise familiale s\u2019est \u00e9toff\u00e9e au fil des ann\u00e9es et compte d\u00e9sormais sept salari\u00e9s dans ses rangs.<\/td><\/tr><tr><td><strong>SOCI\u00c9T\u00c9 MAX&nbsp;<\/strong><\/td><td>\u00c0 votre service depuis 2012, nous somme sp\u00e9cialiste de l\u2019am\u00e9nagement int\u00e9rieur tout corps d\u2019\u00e9tat.<\/td><\/tr><tr><td><strong>SOLIAH&nbsp;<\/strong><\/td><td>Apporter des solutions habitat adapt\u00e9es aux besoins des personnes et des territoires.&nbsp;Acteur de l\u2019\u00e9conomie sociale et solidaire, SOLIHA est port\u00e9 par l\u2019engagement citoyen de ses administrateurs b\u00e9n\u00e9voles et la comp\u00e9tence de ses professionnels&nbsp;<strong>au service du projet habitat des personnes&nbsp;et des territoires<\/strong>,&nbsp;dans ses dimensions environnementales et sociales.<\/td><\/tr><tr><td><strong>SOLUTION ISOLATION&nbsp;<\/strong><\/td><td>Faites appel \u00e0 Thierry Vien et son \u00e9quipe pour effectuer tous vos travaux ayant vocation \u00e0&nbsp;<strong>optimiser l\u2019isolation thermique et phonique<\/strong>&nbsp;de votre maison ! Etablie \u00e0 Pusey, en Haute-Sa\u00f4ne (70), notre entreprise \u00e0 taille humaine propose son savoir-faire aux particuliers et collectivit\u00e9s situ\u00e9s dans un rayon de 60 km environ autour de Vesoul.<\/td><\/tr><tr><td><strong>TOUZALIN PAYSAGE&nbsp;<\/strong><\/td><td>Nous proposons \u00e0 nos clients des am\u00e9nagements ext\u00e9rieurs uniques et personnalis\u00e9s, adapt\u00e9s \u00e0 leurs demandes.&nbsp;Note entreprise a \u00e9t\u00e9 cr\u00e9\u00e9e par<strong>&nbsp;Quentin Touzalin<\/strong>. Notre zone de chalandise se positionne sur le&nbsp;<strong>Doubs<\/strong>, le&nbsp;<strong>Territoire de Belfort<\/strong>&nbsp;et l\u2019<strong>est de la Haute-Sa\u00f4ne<\/strong>.<\/td><\/tr><tr><td><strong>UNIVERS SOLAIRE&nbsp;<\/strong><\/td><td>Univers Solaire : votre partenaire local pour l\u2019installation de panneaux solaires autour de Belfort. Une entreprise engag\u00e9e pour un avenir \u00e9nerg\u00e9tique durable et respectueux de l\u2019environnement.<\/td><\/tr><\/tbody><\/table><\/figure>\n\n\n\n<p>Vous vous interrogez sur les droits de succession, la location, le montage d&rsquo;une SCI&#8230; ? <strong>Des sp\u00e9cialistes de l&rsquo;immobilier (notaires, assureurs, Soliha&#8230;) sont pr\u00e9sents pour vous aider !<\/strong><\/p>\n\n\n\n<div style=\"height:100px\" aria-hidden=\"true\" class=\"wp-block-spacer\"><\/div>\n","protected":false},"excerpt":{"rendered":"<p>ASSURANCES ALLIANZ KEVIN PARENT&nbsp; Bienvenue dans votre agence de Montb\u00e9liard Clemenceau. Nous sommes \u00e0 votre \u00e9coute pour vous accompagner dans [&hellip;]<\/p>\n","protected":false},"author":1,"featured_media":0,"parent":0,"menu_order":0,"comment_status":"closed","ping_status":"open","template":"","meta":{"site-sidebar-layout":"default","site-content-layout":"","ast-site-content-layout":"default","site-content-style":"default","site-sidebar-style":"default","ast-global-header-display":"","ast-banner-title-visibility":"","ast-main-header-display":"","ast-hfb-above-header-display":"","ast-hfb-below-header-display":"","ast-hfb-mobile-header-display":"","site-post-title":"disabled","ast-breadcrumbs-content":"","ast-featured-img":"","footer-sml-layout":"","theme-transparent-header-meta":"","adv-header-id-meta":"","stick-header-meta":"","header-above-stick-meta":"","header-main-stick-meta":"","header-below-stick-meta":"","astra-migrate-meta-layouts":"default","ast-page-background-enabled":"default","ast-page-background-meta":{"desktop":{"background-color":"var(--ast-global-color-5)","background-image":"","background-repeat":"repeat","background-position":"center center","background-size":"auto","background-attachment":"scroll","background-type":"","background-media":"","overlay-type":"","overlay-color":"","overlay-opacity":"","overlay-gradient":""},"tablet":{"background-color":"","background-image":"","background-repeat":"repeat","background-position":"center center","background-size":"auto","background-attachment":"scroll","background-type":"","background-media":"","overlay-type":"","overlay-color":"","overlay-opacity":"","overlay-gradient":""},"mobile":{"background-color":"","background-image":"","background-repeat":"repeat","background-position":"center center","background-size":"auto","background-attachment":"scroll","background-type":"","background-media":"","overlay-type":"","overlay-color":"","overlay-opacity":"","overlay-gradient":""}},"ast-content-background-meta":{"desktop":{"background-color":"var(--ast-global-color-4)","background-image":"","background-repeat":"repeat","background-position":"center center","background-size":"auto","background-attachment":"scroll","background-type":"","background-media":"","overlay-type":"","overlay-color":"","overlay-opacity":"","overlay-gradient":""},"tablet":{"background-color":"var(--ast-global-color-4)","background-image":"","background-repeat":"repeat","background-position":"center center","background-size":"auto","background-attachment":"scroll","background-type":"","background-media":"","overlay-type":"","overlay-color":"","overlay-opacity":"","overlay-gradient":""},"mobile":{"background-color":"var(--ast-global-color-4)","background-image":"","background-repeat":"repeat","background-position":"center center","background-size":"auto","background-attachment":"scroll","background-type":"","background-media":"","overlay-type":"","overlay-color":"","overlay-opacity":"","overlay-gradient":""}},"footnotes":""},"class_list":["post-2","page","type-page","status-publish","hentry"],"yoast_head":"<!-- This site is optimized with the Yoast SEO plugin v27.3 - https:\/\/yoast.com\/product\/yoast-seo-wordpress\/ -->\n<title>Accueil - Montbel&#039;Immo<\/title>\n<meta name=\"robots\" content=\"index, follow, max-snippet:-1, max-image-preview:large, max-video-preview:-1\" \/>\n<link rel=\"canonical\" href=\"https:\/\/montbel-immo.fr\/\" \/>\n<meta property=\"og:locale\" content=\"fr_FR\" \/>\n<meta property=\"og:type\" content=\"article\" \/>\n<meta property=\"og:title\" content=\"Accueil - Montbel&#039;Immo\" \/>\n<meta property=\"og:description\" content=\"ASSURANCES ALLIANZ KEVIN PARENT&nbsp; Bienvenue dans votre agence de Montb\u00e9liard Clemenceau. Nous sommes \u00e0 votre \u00e9coute pour vous accompagner dans [&hellip;]\" \/>\n<meta property=\"og:url\" content=\"https:\/\/montbel-immo.fr\/\" \/>\n<meta property=\"og:site_name\" content=\"Montbel&#039;Immo\" \/>\n<meta property=\"article:modified_time\" content=\"2026-02-03T15:08:22+00:00\" \/>\n<meta property=\"og:image\" content=\"https:\/\/montbel-immo.fr\/wp-content\/uploads\/2026\/02\/MONTBELIMMO-Demarchage-Bandeau-850x315px.jpg\" \/>\n\t<meta property=\"og:image:width\" content=\"1771\" \/>\n\t<meta property=\"og:image:height\" content=\"656\" \/>\n\t<meta property=\"og:image:type\" content=\"image\/jpeg\" \/>\n<meta name=\"twitter:card\" content=\"summary_large_image\" \/>\n<meta name=\"twitter:label1\" content=\"Dur\u00e9e de lecture estim\u00e9e\" \/>\n\t<meta name=\"twitter:data1\" content=\"5 minutes\" \/>\n<script type=\"application\/ld+json\" class=\"yoast-schema-graph\">{\"@context\":\"https:\\\/\\\/schema.org\",\"@graph\":[{\"@type\":\"WebPage\",\"@id\":\"https:\\\/\\\/montbel-immo.fr\\\/\",\"url\":\"https:\\\/\\\/montbel-immo.fr\\\/\",\"name\":\"Accueil - Montbel&#039;Immo\",\"isPartOf\":{\"@id\":\"https:\\\/\\\/montbel-immo.fr\\\/#website\"},\"primaryImageOfPage\":{\"@id\":\"https:\\\/\\\/montbel-immo.fr\\\/#primaryimage\"},\"image\":{\"@id\":\"https:\\\/\\\/montbel-immo.fr\\\/#primaryimage\"},\"thumbnailUrl\":\"https:\\\/\\\/montbel-immo.fr\\\/wp-content\\\/uploads\\\/2026\\\/02\\\/MONTBELIMMO-Demarchage-Bandeau-850x315px-1024x379.jpg\",\"datePublished\":\"2025-09-01T15:46:46+00:00\",\"dateModified\":\"2026-02-03T15:08:22+00:00\",\"breadcrumb\":{\"@id\":\"https:\\\/\\\/montbel-immo.fr\\\/#breadcrumb\"},\"inLanguage\":\"fr-FR\",\"potentialAction\":[{\"@type\":\"ReadAction\",\"target\":[\"https:\\\/\\\/montbel-immo.fr\\\/\"]}]},{\"@type\":\"ImageObject\",\"inLanguage\":\"fr-FR\",\"@id\":\"https:\\\/\\\/montbel-immo.fr\\\/#primaryimage\",\"url\":\"https:\\\/\\\/montbel-immo.fr\\\/wp-content\\\/uploads\\\/2026\\\/02\\\/MONTBELIMMO-Demarchage-Bandeau-850x315px.jpg\",\"contentUrl\":\"https:\\\/\\\/montbel-immo.fr\\\/wp-content\\\/uploads\\\/2026\\\/02\\\/MONTBELIMMO-Demarchage-Bandeau-850x315px.jpg\",\"width\":1771,\"height\":656},{\"@type\":\"BreadcrumbList\",\"@id\":\"https:\\\/\\\/montbel-immo.fr\\\/#breadcrumb\",\"itemListElement\":[{\"@type\":\"ListItem\",\"position\":1,\"name\":\"Accueil\",\"item\":\"https:\\\/\\\/montbel-immo.fr\\\/\"},{\"@type\":\"ListItem\",\"position\":2,\"name\":\"Accueil\"}]},{\"@type\":\"WebSite\",\"@id\":\"https:\\\/\\\/montbel-immo.fr\\\/#website\",\"url\":\"https:\\\/\\\/montbel-immo.fr\\\/\",\"name\":\"Montbel&#039;Immo\",\"description\":\"\",\"potentialAction\":[{\"@type\":\"SearchAction\",\"target\":{\"@type\":\"EntryPoint\",\"urlTemplate\":\"https:\\\/\\\/montbel-immo.fr\\\/?s={search_term_string}\"},\"query-input\":{\"@type\":\"PropertyValueSpecification\",\"valueRequired\":true,\"valueName\":\"search_term_string\"}}],\"inLanguage\":\"fr-FR\"}]}<\/script>\n<!-- \/ Yoast SEO plugin. -->","yoast_head_json":{"title":"Accueil - Montbel&#039;Immo","robots":{"index":"index","follow":"follow","max-snippet":"max-snippet:-1","max-image-preview":"max-image-preview:large","max-video-preview":"max-video-preview:-1"},"canonical":"https:\/\/montbel-immo.fr\/","og_locale":"fr_FR","og_type":"article","og_title":"Accueil - Montbel&#039;Immo","og_description":"ASSURANCES ALLIANZ KEVIN PARENT&nbsp; Bienvenue dans votre agence de Montb\u00e9liard Clemenceau. Nous sommes \u00e0 votre \u00e9coute pour vous accompagner dans [&hellip;]","og_url":"https:\/\/montbel-immo.fr\/","og_site_name":"Montbel&#039;Immo","article_modified_time":"2026-02-03T15:08:22+00:00","og_image":[{"width":1771,"height":656,"url":"https:\/\/montbel-immo.fr\/wp-content\/uploads\/2026\/02\/MONTBELIMMO-Demarchage-Bandeau-850x315px.jpg","type":"image\/jpeg"}],"twitter_card":"summary_large_image","twitter_misc":{"Dur\u00e9e de lecture estim\u00e9e":"5 minutes"},"schema":{"@context":"https:\/\/schema.org","@graph":[{"@type":"WebPage","@id":"https:\/\/montbel-immo.fr\/","url":"https:\/\/montbel-immo.fr\/","name":"Accueil - Montbel&#039;Immo","isPartOf":{"@id":"https:\/\/montbel-immo.fr\/#website"},"primaryImageOfPage":{"@id":"https:\/\/montbel-immo.fr\/#primaryimage"},"image":{"@id":"https:\/\/montbel-immo.fr\/#primaryimage"},"thumbnailUrl":"https:\/\/montbel-immo.fr\/wp-content\/uploads\/2026\/02\/MONTBELIMMO-Demarchage-Bandeau-850x315px-1024x379.jpg","datePublished":"2025-09-01T15:46:46+00:00","dateModified":"2026-02-03T15:08:22+00:00","breadcrumb":{"@id":"https:\/\/montbel-immo.fr\/#breadcrumb"},"inLanguage":"fr-FR","potentialAction":[{"@type":"ReadAction","target":["https:\/\/montbel-immo.fr\/"]}]},{"@type":"ImageObject","inLanguage":"fr-FR","@id":"https:\/\/montbel-immo.fr\/#primaryimage","url":"https:\/\/montbel-immo.fr\/wp-content\/uploads\/2026\/02\/MONTBELIMMO-Demarchage-Bandeau-850x315px.jpg","contentUrl":"https:\/\/montbel-immo.fr\/wp-content\/uploads\/2026\/02\/MONTBELIMMO-Demarchage-Bandeau-850x315px.jpg","width":1771,"height":656},{"@type":"BreadcrumbList","@id":"https:\/\/montbel-immo.fr\/#breadcrumb","itemListElement":[{"@type":"ListItem","position":1,"name":"Accueil","item":"https:\/\/montbel-immo.fr\/"},{"@type":"ListItem","position":2,"name":"Accueil"}]},{"@type":"WebSite","@id":"https:\/\/montbel-immo.fr\/#website","url":"https:\/\/montbel-immo.fr\/","name":"Montbel&#039;Immo","description":"","potentialAction":[{"@type":"SearchAction","target":{"@type":"EntryPoint","urlTemplate":"https:\/\/montbel-immo.fr\/?s={search_term_string}"},"query-input":{"@type":"PropertyValueSpecification","valueRequired":true,"valueName":"search_term_string"}}],"inLanguage":"fr-FR"}]}},"_links":{"self":[{"href":"https:\/\/montbel-immo.fr\/index.php\/wp-json\/wp\/v2\/pages\/2","targetHints":{"allow":["GET"]}}],"collection":[{"href":"https:\/\/montbel-immo.fr\/index.php\/wp-json\/wp\/v2\/pages"}],"about":[{"href":"https:\/\/montbel-immo.fr\/index.php\/wp-json\/wp\/v2\/types\/page"}],"author":[{"embeddable":true,"href":"https:\/\/montbel-immo.fr\/index.php\/wp-json\/wp\/v2\/users\/1"}],"replies":[{"embeddable":true,"href":"https:\/\/montbel-immo.fr\/index.php\/wp-json\/wp\/v2\/comments?post=2"}],"version-history":[{"count":44,"href":"https:\/\/montbel-immo.fr\/index.php\/wp-json\/wp\/v2\/pages\/2\/revisions"}],"predecessor-version":[{"id":113,"href":"https:\/\/montbel-immo.fr\/index.php\/wp-json\/wp\/v2\/pages\/2\/revisions\/113"}],"wp:attachment":[{"href":"https:\/\/montbel-immo.fr\/index.php\/wp-json\/wp\/v2\/media?parent=2"}],"curies":[{"name":"wp","href":"https:\/\/api.w.org\/{rel}","templated":true}]}}